{"id":24,"date":"2023-02-28T13:39:59","date_gmt":"2023-02-28T12:39:59","guid":{"rendered":"http:\/\/dav-mar.pl\/?page_id=24"},"modified":"2023-03-05T12:25:39","modified_gmt":"2023-03-05T11:25:39","slug":"o-firmiw","status":"publish","type":"page","link":"http:\/\/dav-mar.pl\/?page_id=24","title":{"rendered":"O firmie"},"content":{"rendered":"<p>Szanowni Pa\u0144stwo,&nbsp;<\/p><p>\u00a0\u00a0\u00a0 Firma\u00a0<strong>TSL DAV-MAR POLAND Dawid Ka\u0142u\u017cny<\/strong> jest nowoczesnym i stabilnym przewo\u017anikiem, kt\u00f3ry wykonuje<strong>\u00a0transport w\u0142asnym taborem.<\/strong>\u00a0Dysponujemy pojazdami typu\u00a0<strong>STANDARD z wind\u0105 (ci\u0105gniki siod\u0142owe z naczepami 13,6m), MEGI oraz busy 10 paletowe. <\/strong>Oferujemy profesjonalne wsparcie przy organizacji przewozu \u0142adunk\u00f3w na trasach mi\u0119dzynarodowych jak i krajowych.<strong> Realizujemy EXPORTY\/IMPORTY FTL\/LTL.<br><\/strong>Nasze g\u0142\u00f3wne kierunki :<strong> Niemcy, Francja, Dania, Hiszpania, Belgia, Luxemburg, Holandia, Czechy, Austria, W\u0142ochy, W\u0119gry, S\u0142owacja.\u00a0<br><\/strong>\u00a0\u00a0\u00a0 Firma tworzona przez zesp\u00f3\u0142 m\u0142odych, ambitnych i do\u015bwiadczonych ludzi, kt\u00f3rych pasj\u0105 jest transport i spedycja. Na podstawie zdobytych przez nas do\u015bwiadcze\u0144 i znajomo\u015bci problematyki bran\u017cy jeste\u015bmy w stanie przewie\u017a\u0107 dla Pa\u0144stwa ka\u017cdy \u0142adunek zapewniaj\u0105c przy tym zadowolenie z wykonanej us\u0142ugi. Nasza flota obs\u0142ugiwana jest przez <strong>do\u015bwiadczonych kierowc\u00f3w\u00a0<\/strong>a tak\u017ce\u00a0<strong>zarz\u0105dzana przez spedytor\u00f3w,\u00a0<\/strong>kt\u00f3rzy posiadaj\u0105 prawo jazdy C+E wraz z kodem 95. Dzi\u0119ki temu mamy mo\u017cliwo\u015b\u0107 ewentualnego przyci\u0105gni\u0119cia auta na miejsce za\u0142adunku\/roz\u0142adunku.<\/p><p>&nbsp; &nbsp; W trosce o jako\u015b\u0107 \u015bwiadczonych us\u0142ug ka\u017cde auto wyposa\u017cone jest w <strong>GPS<\/strong>, aby <strong>nasi kontrahenci<\/strong>&nbsp;w dowolnym momencie mogli otrzymywa\u0107 szczeg\u00f3\u0142owe informacje na temat realizowanego transportu. Oferujemy r\u00f3wnie\u017c <strong>us\u0142ugi magazynowe<\/strong> pozwalaj\u0105ce na kompletowanie \u0142adunk\u00f3w drobnicowych i ich dystrybucj\u0119 do miejsca roz\u0142adunku. Magazyn obs\u0142ugiwany jest przed do\u015bwiadczonych i kompetentnych pracownik\u00f3w, kt\u00f3rzy przy pomocy specjalistycznego sprz\u0119tu dbaj\u0105 o bezpiecze\u0144stwo powierzonego towaru. Posiadamy dedykowane rozwi\u0105zania logistyczne dla indywidualnych potrzeb klient\u00f3w.<br><\/p><p>&nbsp; &nbsp;Dzia\u0142amy w spos\u00f3b u\u0142atwiaj\u0105cy Klientom zlecanie jednorazowych us\u0142ug <strong>(minimum formalno\u015bci)<\/strong>, dzi\u0119ki czemu mo\u017cemy realizowa\u0107 ka\u017cde powierzone nam zadanie.&nbsp;&nbsp;<br><br>Klienci ceni\u0105 sobie w Nas to, \u017ce o ka\u017cdej porze dnia i nocy jeste\u015bmy w stanie znale\u017a\u0107 odpowiednie rozwi\u0105zanie w odpowiedzi na ich potrzeby.<\/p><p>Serdecznie zapraszam do kontaktu \ud83d\ude42&nbsp;<\/p>","protected":false},"excerpt":{"rendered":"<p>Szanowni Pa\u0144stwo,&nbsp; \u00a0\u00a0\u00a0 Firma\u00a0TSL DAV-MAR POLAND Dawid Ka\u0142u\u017cny jest nowoczesnym i stabilnym przewo\u017anikiem, kt\u00f3ry wykonuje\u00a0transport w\u0142asnym taborem.\u00a0Dysponujemy pojazdami typu\u00a0STANDARD z wind\u0105 (ci\u0105gniki siod\u0142owe z naczepami 13,6m), MEGI oraz busy 10 paletowe. Oferujemy profesjonalne wsparcie przy organizacji przewozu \u0142adunk\u00f3w na trasach mi\u0119dzynarodowych jak i krajowych. Realizujemy &hellip; <\/p>\n","protected":false},"author":1,"featured_media":7,"parent":0,"menu_order":0,"comment_status":"closed","ping_status":"closed","template":"","meta":{"footnotes":""},"class_list":["post-24","page","type-page","status-publish","has-post-thumbnail","hentry"],"jetpack_sharing_enabled":true,"_links":{"self":[{"href":"http:\/\/dav-mar.pl\/index.php?rest_route=\/wp\/v2\/pages\/24","targetHints":{"allow":["GET"]}}],"collection":[{"href":"http:\/\/dav-mar.pl\/index.php?rest_route=\/wp\/v2\/pages"}],"about":[{"href":"http:\/\/dav-mar.pl\/index.php?rest_route=\/wp\/v2\/types\/page"}],"author":[{"embeddable":true,"href":"http:\/\/dav-mar.pl\/index.php?rest_route=\/wp\/v2\/users\/1"}],"replies":[{"embeddable":true,"href":"http:\/\/dav-mar.pl\/index.php?rest_route=%2Fwp%2Fv2%2Fcomments&post=24"}],"version-history":[{"count":2,"href":"http:\/\/dav-mar.pl\/index.php?rest_route=\/wp\/v2\/pages\/24\/revisions"}],"predecessor-version":[{"id":52,"href":"http:\/\/dav-mar.pl\/index.php?rest_route=\/wp\/v2\/pages\/24\/revisions\/52"}],"wp:featuredmedia":[{"embeddable":true,"href":"http:\/\/dav-mar.pl\/index.php?rest_route=\/wp\/v2\/media\/7"}],"wp:attachment":[{"href":"http:\/\/dav-mar.pl\/index.php?rest_route=%2Fwp%2Fv2%2Fmedia&parent=24"}],"curies":[{"name":"wp","href":"https:\/\/api.w.org\/{rel}","templated":true}]}}